{"id":3,"date":"2022-03-12T01:03:15","date_gmt":"2022-03-12T01:03:15","guid":{"rendered":"https:\/\/datiasesoria.com\/blog\/?page_id=3"},"modified":"2022-03-12T16:07:31","modified_gmt":"2022-03-12T16:07:31","slug":"politica-privacidad","status":"publish","type":"page","link":"https:\/\/datiasesoria.com\/blog\/politica-privacidad\/","title":{"rendered":"Pol\u00edtica de privacidad"},"content":{"rendered":"\n<p><strong class=\"privacy-policy-tutorial\">URL:<\/strong> <a href=\"https:\/\/datiasesoria.com\/AvisoPrivacidad.html\">https:\/\/datiasesoria.com\/AvisoPrivacidad.html<\/a>.<\/p>\n\n\n\n<h2 class=\"wp-block-heading\">Leer Cuidadosamente<\/h2>\n\n\n\n<p>AVISO DE PRIVACIDAD<br><br>En atenci\u00f3n y en aras de cumplir a cabalidad con la Ley Federal de Protecci\u00f3n de Datos Personales en Posesi\u00f3n de los Particulares (en adelante &#8220;LFPDPPP&#8221;) y su Reglamento, se emite el presente Aviso de Privacidad dirigido a quien corresponden los datos personales (en adelante el &#8220;Titular&#8221;) que obran en posesi\u00f3n de la persona f\u00edsica Jos\u00e9 Hugo Larios Candelas a quien sucesiva e indistintamente se le denominara como &#8220;\u0414\u0410 DESARROLLO Y ASESORIA&#8221;, siendo \u00e9ste el responsable de la obtenci\u00f3n, uso, divulgaci\u00f3n y almacenamiento. El uso abarca el acceso, manejo, aprovechamiento, transferencia o disposici\u00f3n de datos personales. \u0414\u0410 DESARROLLO Y ASESORIA para efectos del presente aviso de privacidad se\u00f1ala como su domicilio el ubicado en Tanc\u00edtaro 1902, Fracc. Hidalgo, de la ciudad de Le\u00f3n, Guanajuato, C.P. 37220.<br><br>I. RESPONSABLE<br><br>El Responsable del tratamiento de sus Datos Personales (en lo sucesivo referidos como los Datos), es \u0414\u0410 DESARROLLO Y ASESORIA, Tanc\u00edtaro 1902, Fracc. Hidalgo, de la ciudad de Le\u00f3n, Guanajuato, C.P. 37220.<br><br><br>\u00bfQu\u00e9 se entiende por datos personales? A cualquier informaci\u00f3n concerniente a una persona f\u00edsica identificada o identificable. \u00bfQu\u00e9 se entiende por datos personales sensibles? A aquellos datos que afecten a la esfera m\u00e1s \u00edntima del titular o cuya mala e indebida utilizaci\u00f3n pueda ser motivo de discriminaci\u00f3n o conlleve un riesgo grave para \u00e9ste, de acuerdo a lo establecido en la LFPDPPP.<br><br>II. FINALIDADES<br><br>Los Datos obtenidos se tratan para las siguientes finalidades principales:<br>Identificaci\u00f3n y contacto como: cliente, cliente potencial; candidato a colaborar con nosotros, trabajador, proveedor o prestador de servicios y\/o su personal;<br>Prestaci\u00f3n de servicios educativos;<br>Prestaci\u00f3n de servicios de automatizaci\u00f3n;<br>Prestaci\u00f3n de servicios financieros;<br>Renta de Tecnolog\u00eda;<br>Integraci\u00f3n de Tecnolog\u00edas;<br>Prestaci\u00f3n de servicios en asesoramiento en Tecnolog\u00edas de la informaci\u00f3n;<br>Prestaci\u00f3n de servicios de capacitaci\u00f3n;<br>Prestaci\u00f3n de servicios de Implementaci\u00f3n;<br>Venta de productos de Tecnolog\u00edas de la Informaci\u00f3n;<br>Prestaci\u00f3n de servicios de reclutamiento;<br>Reclutamiento y selecci\u00f3n de personal;<br>Conocer antecedentes laborales y acad\u00e9micos;<br>Corroborar las referencias personales y\/o laborales de nuestros candidatos;<br>Proporcionar a nuestros trabajadores prestaciones sociales, legales y beneficios adicionales como seguros de vida y gastos m\u00e9dicos, en su caso;<br>Brindar a nuestro personal capacitaci\u00f3n y promoverlo con base en sus aptitudes y capacidades, as\u00ed como elaborar su contrato de trabajo y expediente laboral;<br>Cumplir los t\u00e9rminos y condiciones de la relaci\u00f3n de servicios, laboral, o en general de la relaci\u00f3n jur\u00eddica que exista o llegara a existir con usted y con las obligaciones derivadas de dicha relaci\u00f3n, aun despu\u00e9s de su terminaci\u00f3n;<br>Cumplimiento de obligaciones en materia fiscal, laboral y de seguridad social, aun con posterioridad a la terminaci\u00f3n de la relaci\u00f3n laboral, incluyendo procesos de revisi\u00f3n contable y financiera;<br>Mantener resguardos de informaci\u00f3n en cumplimiento a obligaciones fiscales, laborales y de seguridad social;<br>Proteger la seguridad e integridad de las personas dentro de nuestras instalaciones;<br>Otorgar facilidades y servicios a las personas que colaboran con nosotros o que ingresan a nuestras instalaciones; y<br>Asegurarnos que las personas con las que tenemos relaci\u00f3n cumplan las obligaciones legales, contables, regulatorias o contractuales a su cargo.<br><br>Las finalidades secundarias son:<br><br>Evaluaci\u00f3n de la calidad de nuestros servicios;<br>Mercadotecnia y publicidad;<br>Ofrecer nuestros servicios; y<br>Env\u00edo de promociones.<br><br>III. DATOS OBTENIDOS<br><br>Los Datos que obtenemos son los relativos a las siguientes categor\u00edas:<br><br>Datos de identificaci\u00f3n;<br>Datos de contacto y referencias laborales y familiares;<br>Datos patrimoniales o financieros: medios de pago a trav\u00e9s de tarjeta de cr\u00e9dito, dep\u00f3sito, transferencia o efectivo;<br>Datos acad\u00e9micos y experiencia laboral;<br>Datos laborales, fiscales y de seguridad social;<br>Datos econ\u00f3micos de referencia: cuenta bancaria para pago de n\u00f3mina, adeudos con el Instituto del Fondo Nacional de la Vivienda para los Trabajadores (INFONAVIT);<br>Datos sensibles: realizamos pruebas psicom\u00e9tricas a algunos candidatos para colaborar con nosotros o bien para cumplir con los servicios de reclutamiento que prestamos.<br>Fotograf\u00edas, im\u00e1genes, video de testimonios y documentos que soporten la informaci\u00f3n proporcionada por usted.<br><br>Los datos sensibles los solicitamos para conocer el perfil de los candidatos y\/o trabajadores para cubrir una vacante. Estos son Datos esenciales para la relaci\u00f3n laboral y ser\u00e1n tratados \u00fanicamente para las finalidades establecidas en el presente Aviso.<br><br>IV. TRANSFERENCIAS DE DATOS<br>Los Datos pueden ser transferidos para las finalidades establecidas en el presente Aviso de Privacidad a:<br>Instituciones de cr\u00e9dito, nacionales o internacionales para pago de n\u00f3mina y\/o servicios;<br>Clientes a quienes prestamos servicios de reclutamiento, en cuyo caso esta transferencia es esencial;<br>Sociedades independientes con quienes se hayan celebrado alianzas para fines de marketing de nuestros servicios;<br>Sociedades del mismo grupo corporativo para actividades de marketing y promoci\u00f3n de nuestros servicios;<br>Compa\u00f1\u00edas aseguradoras para otorgar seguros de vida y gastos m\u00e9dicos;<br>Autoridades fiscales y en materia de seguridad social: Instituto Mexicano del Seguro Social (IMSS), Instituto del Fondo Nacional de la Vivienda para los Trabajadores (INFONAVIT), Sistema de Ahorro para el Retiro (SAR) e Instituto del Fondo Nacional para el Consumo de los Trabajadores (INFONACOT) para cumplimiento de obligaciones.<br><br>V. PROTECCI\u00d3N DE DATOS<br><br>La protecci\u00f3n de los Datos Personales es nuestra prioridad y los mismos est\u00e1n protegidos por medidas de seguridad administrativas, t\u00e9cnicas y f\u00edsicas, para evitar su p\u00e9rdida, alteraci\u00f3n, destrucci\u00f3n, uso, acceso o divulgaci\u00f3n indebidos.<br><br>VI. MECANISMOS PARA MANIFESTAR NEGATIVA AL TRATAMIENTO PARA LAS FINALIDADES QUE NO SON NECESARIAS NI HAYAN DADO ORIGEN A LA RELACI\u00d3N JUR\u00cdDICA CON EL RESPONSABLE.<br><br>Usted podr\u00e1 manifestar su negativa al tratamiento de sus Datos para aquellas finalidades que no son necesarias, ni hayan dado origen a la relaci\u00f3n jur\u00eddica con el Responsable mediante una solicitud por escrito presentada en el domicilio del responsable y a la atenci\u00f3n Encargado de Protecci\u00f3n de Datos Personales o bien mediante el env\u00edo de un correo electr\u00f3nico a la siguiente direcci\u00f3n: atencionalcliente@datiasesoria.com<br>Si usted no tiene conocimiento del presente aviso de manera directa o personal, le informamos que cuenta con un plazo de 5 d\u00edas h\u00e1biles, para que de ser el caso, manifieste su negativa para el tratamiento con respecto a las finalidades que no son necesarias ni dieron origen a la relaci\u00f3n jur\u00eddica con nosotros.<br><br><br>VII. MEDIOS Y PROCEDIMIENTO PARA EJERCER LOS DERECHOS ARCO Y MECANISMOS Y PROCEDIMIENTOS PARA REVOCAR SU CONSENTIMIENTO AL TRATAMIENTO DE SUS DATOS PERSONALES.<br><br>Usted puede ejercer los derechos de acceso, rectificaci\u00f3n, cancelaci\u00f3n u oposici\u00f3n y revocar su consentimiento para el tratamiento de sus Datos (referidos como Derechos \u201cARCO\u201d y Revocaci\u00f3n, respectivamente) mediante la presentaci\u00f3n de una solicitud por escrito, atenci\u00f3n Encargado de Protecci\u00f3n de Datos Personales, ubicada en el domicilio del Responsable que aparece en el presente aviso, de Lunes a Viernes, en un horario de 9:00 a 1:00 o bien enviar un correo electr\u00f3nico a: atencionalcliente@datiasesoria.com.<br><br>DE LA SOLICITUD. La solicitud de Negativa al Tratamiento, derechos ARCO, Limitaci\u00f3n y\/o Revocaci\u00f3n deber\u00e1 contener por lo menos: (a) nombre; (b) indicar si la solicitud se presenta personalmente o a trav\u00e9s de representante, (c) domicilio para o\u00edr y recibir notificaciones, (d) tel\u00e9fono; (e) correo electr\u00f3nico e indicar si acepta que las notificaciones que realicemos en relaci\u00f3n con su solicitud surtan efectos a trav\u00e9s del correo electr\u00f3nico que nos proporcione; (f) la descripci\u00f3n clara y precisa de los Datos Personales respecto de los que solicita ejercer alguno de los derechos ARCO o la Negativa al Tratamiento, (g) en su caso, manifestaci\u00f3n expresa para revocar el consentimiento al tratamiento de sus Datos; (h) cualquier otro elemento que facilite la localizaci\u00f3n de Datos como la fecha en que se nos proporcionaron, n\u00famero de trabajador o asunto; e (i) los documentos que acrediten su identidad y poder notarial en caso de ser representante legal.<br><br>ACREDITACI\u00d3N DE PERSONALIDAD. Recuerde que de conformidad con la Ley para dar tr\u00e1mite a su solicitud previamente deber\u00e1 identificarse con documento oficial original o en caso de representantes legales acreditarnos su personalidad mediante original de su identificaci\u00f3n oficial y poder notarial original para cotejo y devoluci\u00f3n del original.<br><br>DE LAS SOLICITUDES DE RECTIFICACI\u00d3N. Trat\u00e1ndose de las solicitudes de rectificaci\u00f3n deber\u00e1 acompa\u00f1ar los documentos que acrediten la solicitud y los datos en espec\u00edfico que desee modificar. Dichos documentos deben presentarse en original y copia para su cotejo y devoluci\u00f3n de los originales.<br><br>PROCEDIMIENTO. Una vez presentada una solicitud el Responsable tendr\u00e1 5 (cinco) d\u00edas para requerir informaci\u00f3n adicional, de lo contrario resolver\u00e1 en un t\u00e9rmino de 20 d\u00edas.<br><br>El Acceso a los datos ser\u00e1 dado a conocer mediante la emisi\u00f3n de copias simples.<br><br>La respuesta a la solicitud se har\u00e1 mediante entrega por correo en el domicilio que usted se\u00f1ale para tal efecto o bien mediante documentos electr\u00f3nicos enviados v\u00eda correo electr\u00f3nico a la direcci\u00f3n que usted proporcione en su solicitud y se har\u00e1 efectiva dentro de los 15 d\u00edas h\u00e1biles siguientes de la fecha en que se resuelva la misma.<br><br>Los plazos aqu\u00ed previstos se podr\u00e1n ampliar en los casos previstos por la Legislaci\u00f3n en la materia. El resto del procedimiento ser\u00e1 tramitado conforme a los plazos y etapas establecidos en la Legislaci\u00f3n en la materia. Si desea mayor informaci\u00f3n a este respecto env\u00ede un correo electr\u00f3nico a: atencionalcliente@datiasesoria.com.<br><br>El acceso a los Datos se dar\u00e1 mediante la emisi\u00f3n de copias simples de la informaci\u00f3n solicitada, en su caso.<br><br>VIII. OPCIONES Y MEDIOS QUE LA RESPONSABLE PONE A SU DISPOSICI\u00d3N PARA LIMITAR EL USO O DIVULGACI\u00d3N DE SUS DATOS PERSONALES<br><br>Para ejercer este derecho, las opciones y medios que ponemos a su disposici\u00f3n son:<br><br>Opciones: Manifestarlo cuando nos proporcione sus datos; o bien con posterioridad presentar su solicitud escrita en los t\u00e9rminos indicados para ejercicio de derechos ARCO.<br><br>Los medios a su disposici\u00f3n son: Presentar la solicitud por escrito directamente en el domicilio del responsable a la atenci\u00f3n Encargado de Protecci\u00f3n de Datos Personales o bien presentar su solicitud v\u00eda electr\u00f3nica enviando un correo electr\u00f3nico a atencionalcliente@datiasesoria.com.<br><br>PRIVACIDAD DE LOS MENORES<br><br>Salvo que contemos con el consentimiento de los padres o tutores de menores, no celebramos actos con menores de edad ni aprobamos solicitudes de empleo o servicios provenientes de ellos.<br><br>COOKIES<br><br>Nuestro sitio de internet www.datiasesoria.com en lo sucesivo el Sitio, utiliza cookies. Las cookies permiten que el sitio responda a sus preferencias durante la navegaci\u00f3n en el mismo. Si usted desea restringir o eliminar las cookies de nuestro Sitio, por favor elija la opci\u00f3n adecuada en la configuraci\u00f3n de su navegador de internet. La funci\u00f3n de Ayuda del explorador debe indicarle c\u00f3mo hacerlo.<br><br>ACTUALIZACI\u00d3N DEL AVISO<br><br>Las actualizaciones al presente Aviso, en su caso, se har\u00e1n de su conocimiento a trav\u00e9s de nuestro Sitio en Internet o bien mediante notificaci\u00f3n por escrito y\/o correo electr\u00f3nico al domicilio o direcci\u00f3n electr\u00f3nica proporcionada, o mediante posters en \u00e1reas visibles de nuestras instalaciones.<br><br>CONTACTO<br><br>Si tiene preguntas sobre este Aviso o el manejo de sus Datos, por favor contacte a nuestro Encargado de Protecci\u00f3n de Datos Personales, al correo electr\u00f3nico: atencionalcliente@datiasesoria.com<br><br>CONSENTIMIENTO<br><br>Cuando sea aplicable, si no manifiesta su oposici\u00f3n para que sus Datos sean tratados en los t\u00e9rminos que se\u00f1alados en el presente Aviso, se entender\u00e1 que ha otorgado su consentimiento para ello.<br><br>Fecha de actualizaci\u00f3n: Marzo 1, 2021<\/p>\n","protected":false},"excerpt":{"rendered":"<p>URL: https:\/\/datiasesoria.com\/AvisoPrivacidad.html. Leer Cuidadosamente AVISO DE PRIVACIDAD En atenci\u00f3n y en aras de cumplir a cabalidad con la Ley Federal de Protecci\u00f3n de Datos Personales en Posesi\u00f3n de los Particulares (en adelante &#8220;LFPDPPP&#8221;) y su Reglamento, se emite el presente Aviso de Privacidad dirigido a quien corresponden los datos personales [&hellip;]<\/p>\n","protected":false},"author":1,"featured_media":0,"parent":0,"menu_order":0,"comment_status":"closed","ping_status":"open","template":"","meta":{"footnotes":""},"class_list":["post-3","page","type-page","status-publish","hentry"],"_links":{"self":[{"href":"https:\/\/datiasesoria.com\/blog\/wp-json\/wp\/v2\/pages\/3","targetHints":{"allow":["GET"]}}],"collection":[{"href":"https:\/\/datiasesoria.com\/blog\/wp-json\/wp\/v2\/pages"}],"about":[{"href":"https:\/\/datiasesoria.com\/blog\/wp-json\/wp\/v2\/types\/page"}],"author":[{"embeddable":true,"href":"https:\/\/datiasesoria.com\/blog\/wp-json\/wp\/v2\/users\/1"}],"replies":[{"embeddable":true,"href":"https:\/\/datiasesoria.com\/blog\/wp-json\/wp\/v2\/comments?post=3"}],"version-history":[{"count":3,"href":"https:\/\/datiasesoria.com\/blog\/wp-json\/wp\/v2\/pages\/3\/revisions"}],"predecessor-version":[{"id":104,"href":"https:\/\/datiasesoria.com\/blog\/wp-json\/wp\/v2\/pages\/3\/revisions\/104"}],"wp:attachment":[{"href":"https:\/\/datiasesoria.com\/blog\/wp-json\/wp\/v2\/media?parent=3"}],"curies":[{"name":"wp","href":"https:\/\/api.w.org\/{rel}","templated":true}]}}