{"id":29,"date":"2022-03-12T01:49:09","date_gmt":"2022-03-12T01:49:09","guid":{"rendered":"https:\/\/datiasesoria.com\/blog\/?page_id=29"},"modified":"2024-04-17T19:58:25","modified_gmt":"2024-04-17T19:58:25","slug":"inicio","status":"publish","type":"page","link":"https:\/\/datiasesoria.com\/blog\/","title":{"rendered":"Inicio"},"content":{"rendered":"\n<div class=\"wp-block-cover alignfull is-light hestia-clear-top-padding\"><span aria-hidden=\"true\" class=\"wp-block-cover__background has-white-background-color has-background-dim-100 has-background-dim\"><\/span><div class=\"wp-block-cover__inner-container is-layout-flow wp-block-cover-is-layout-flow\">\n<h2 class=\"wp-block-heading has-text-align-center has-text-color\" style=\"color:#3c4858\">Colaborar, Ayudar y Servir es Nuestra Misi\u00f3n<\/h2>\n\n\n\n<div style=\"height:40px\" aria-hidden=\"true\" class=\"wp-block-spacer\"><\/div>\n\n\n\n<div class=\"wp-block-columns container is-layout-flex wp-container-core-columns-is-layout-28f84493 wp-block-columns-is-layout-flex\">\n<div class=\"wp-block-column is-layout-flow wp-block-column-is-layout-flow\"><div class=\"wp-block-image\">\n<figure class=\"aligncenter size-large\"><img decoding=\"async\" src=\"https:\/\/datiasesoria.com\/blog\/wp-content\/themes\/hestia\/assets\/img\/feat1.png\" alt=\"\" class=\"wp-image-70\" title=\"\"><\/figure>\n<\/div>\n\n\n<h5 class=\"wp-block-heading has-text-align-center has-text-color\" style=\"color:#3c4858;font-size:18px\">Administraci\u00f3n<\/h5>\n\n\n\n<p class=\"has-text-align-center has-black-color has-text-color\" style=\"font-size:14px\">Temas actuales en Contabilidad, N\u00f3mina, Facturaci\u00f3n, Inventarios, Costos, ISO, Ventas y todos los procesos que intervienen en la administraci\u00f3n de las empresas.<\/p>\n\n\n\n<div style=\"height:25px\" aria-hidden=\"true\" class=\"wp-block-spacer\"><\/div>\n<\/div>\n\n\n\n<div class=\"wp-block-column is-layout-flow wp-block-column-is-layout-flow\"><div class=\"wp-block-image\">\n<figure class=\"aligncenter size-large\"><img decoding=\"async\" src=\"https:\/\/datiasesoria.com\/blog\/wp-content\/themes\/hestia\/assets\/img\/feat2.png\" alt=\"\" class=\"wp-image-71\" title=\"\"><\/figure>\n<\/div>\n\n\n<h5 class=\"wp-block-heading has-text-align-center has-text-color\" style=\"color:#3c4858;font-size:18px\">Tecnolog\u00edas<\/h5>\n\n\n\n<p class=\"has-text-align-center has-black-color has-text-color\" style=\"font-size:14px\">Informaci\u00f3n de configuraci\u00f3n de Hardware, Software, Redes, Servidores, CCTv, Telefon\u00eda, Conmutadores, SEO.<\/p>\n\n\n\n<div style=\"height:25px\" aria-hidden=\"true\" class=\"wp-block-spacer\"><\/div>\n<\/div>\n\n\n\n<div class=\"wp-block-column is-layout-flow wp-block-column-is-layout-flow\"><div class=\"wp-block-image\">\n<figure class=\"aligncenter size-large\"><img decoding=\"async\" src=\"https:\/\/datiasesoria.com\/blog\/wp-content\/themes\/hestia\/assets\/img\/feat3.png\" alt=\"\" class=\"wp-image-72\" title=\"\"><\/figure>\n<\/div>\n\n\n<h5 class=\"wp-block-heading has-text-align-center has-text-color\" style=\"color:#3c4858;font-size:18px\">Soporte y Dudas<\/h5>\n\n\n\n<p class=\"has-text-align-center has-black-color has-text-color\" style=\"font-size:14px\">Temas no catalogados de inter\u00e9s general. Respuesta a dudas o preguntas de los temas del Sitio<\/p>\n\n\n\n<div style=\"height:25px\" aria-hidden=\"true\" class=\"wp-block-spacer\"><\/div>\n<\/div>\n<\/div>\n\n\n\n<div style=\"height:40px\" aria-hidden=\"true\" class=\"wp-block-spacer\"><\/div>\n<\/div><\/div>\n\n\n\n<div class=\"wp-block-columns container is-layout-flex wp-container-core-columns-is-layout-28f84493 wp-block-columns-is-layout-flex\">\n<div class=\"wp-block-column col-md-5 is-layout-flow wp-block-column-is-layout-flow\">\n<div style=\"height:55px\" aria-hidden=\"true\" class=\"wp-block-spacer\"><\/div>\n\n\n\n<h2 class=\"wp-block-heading\">Sobre <strong>\u0414<\/strong>A Desarrollo y Asesoria<\/h2>\n\n\n\n<p>Eliminamos las conjeturas de integraci\u00f3n, comunicaci\u00f3n, automatizaci\u00f3n y crecimiento.<\/p>\n\n\n\n<p class=\"has-drop-cap has-accent-color has-text-color\">\u201cCombinamos la agilidad de una puesta en marcha con el pensamiento estrat\u00e9gico de una consultor\u00eda. La capacidad creativa de una agencia y la habilitaci\u00f3n tecnol\u00f3gica de una empresa de software. Eso significa que podemos funcionar como un socio de crecimiento, no s\u00f3lo como un proveedor de servicios.\u201d<\/p>\n<\/div>\n\n\n\n<div class=\"wp-block-column col-md-6 col-md-offset1 is-layout-flow wp-block-column-is-layout-flow\">\n<div style=\"height:55px\" aria-hidden=\"true\" class=\"wp-block-spacer\"><\/div>\n\n\n\n<figure class=\"wp-block-gallery has-nested-images columns-default is-cropped wp-block-gallery-1 is-layout-flex wp-block-gallery-is-layout-flex\">\n<figure class=\"wp-block-image size-full is-style-rounded\"><img loading=\"lazy\" decoding=\"async\" width=\"1600\" height=\"901\" data-id=\"150\" src=\"https:\/\/datiasesoria.com\/blog\/wp-content\/uploads\/2022\/03\/blog-da-background-1.png\" alt=\"\" class=\"wp-image-150\" title=\"\" srcset=\"https:\/\/datiasesoria.com\/blog\/wp-content\/uploads\/2022\/03\/blog-da-background-1.png 1600w, https:\/\/datiasesoria.com\/blog\/wp-content\/uploads\/2022\/03\/blog-da-background-1-600x338.png 600w\" sizes=\"auto, (max-width: 1600px) 100vw, 1600px\" \/><\/figure>\n<\/figure>\n\n\n\n<p><\/p>\n<\/div>\n<\/div>\n","protected":false},"excerpt":{"rendered":"<p>Sobre \u0414A Desarrollo y Asesoria Eliminamos las conjeturas de integraci\u00f3n, comunicaci\u00f3n, automatizaci\u00f3n y crecimiento. \u201cCombinamos la agilidad de una puesta en marcha con el pensamiento estrat\u00e9gico de una consultor\u00eda. La capacidad creativa de una agencia y la habilitaci\u00f3n tecnol\u00f3gica de una empresa de software. Eso significa que podemos funcionar como [&hellip;]<\/p>\n","protected":false},"author":1,"featured_media":123,"parent":0,"menu_order":0,"comment_status":"closed","ping_status":"closed","template":"","meta":{"footnotes":""},"class_list":["post-29","page","type-page","status-publish","has-post-thumbnail","hentry"],"_links":{"self":[{"href":"https:\/\/datiasesoria.com\/blog\/wp-json\/wp\/v2\/pages\/29","targetHints":{"allow":["GET"]}}],"collection":[{"href":"https:\/\/datiasesoria.com\/blog\/wp-json\/wp\/v2\/pages"}],"about":[{"href":"https:\/\/datiasesoria.com\/blog\/wp-json\/wp\/v2\/types\/page"}],"author":[{"embeddable":true,"href":"https:\/\/datiasesoria.com\/blog\/wp-json\/wp\/v2\/users\/1"}],"replies":[{"embeddable":true,"href":"https:\/\/datiasesoria.com\/blog\/wp-json\/wp\/v2\/comments?post=29"}],"version-history":[{"count":14,"href":"https:\/\/datiasesoria.com\/blog\/wp-json\/wp\/v2\/pages\/29\/revisions"}],"predecessor-version":[{"id":1127,"href":"https:\/\/datiasesoria.com\/blog\/wp-json\/wp\/v2\/pages\/29\/revisions\/1127"}],"wp:featuredmedia":[{"embeddable":true,"href":"https:\/\/datiasesoria.com\/blog\/wp-json\/wp\/v2\/media\/123"}],"wp:attachment":[{"href":"https:\/\/datiasesoria.com\/blog\/wp-json\/wp\/v2\/media?parent=29"}],"curies":[{"name":"wp","href":"https:\/\/api.w.org\/{rel}","templated":true}]}}